{"id":541,"date":"2025-08-26T20:24:44","date_gmt":"2025-08-26T20:24:44","guid":{"rendered":"https:\/\/acargmoe.visioncadiz.com\/?page_id=541"},"modified":"2026-03-29T00:12:06","modified_gmt":"2026-03-29T00:12:06","slug":"donaciones","status":"publish","type":"page","link":"https:\/\/acargmoe.visioncadiz.com\/?page_id=541","title":{"rendered":"DONACIONES"},"content":{"rendered":"\n<div style=\"height:48px\" aria-hidden=\"true\" class=\"wp-block-spacer\"><\/div>\n\n\n\n<div class=\"wp-block-columns is-layout-flex wp-container-core-columns-is-layout-9d6595d7 wp-block-columns-is-layout-flex\">\n<div class=\"wp-block-column is-layout-flow wp-block-column-is-layout-flow\" style=\"flex-basis:15%\"><\/div>\n\n\n\n<div class=\"wp-block-column has-background is-content-justification-center is-layout-constrained wp-container-core-column-is-layout-b895fbf0 wp-block-column-is-layout-constrained\" style=\"background-color:#abb7c226;flex-basis:100%\">\n<h2 class=\"wp-block-heading has-text-align-center\"><br><br>C\u00f3mo realiazar donaciones a nuestra asociaci\u00f3n<\/h2>\n\n\n\n<p class=\"has-text-align-center\">Si deseas apoyar la labor de la <strong>Asociaci\u00f3n Cultural, Art\u00edstica, Rural y Gastron\u00f3mica Mar\u00eda Oliva Esquivel<\/strong>,<br>puedes hacerlo mediante una donaci\u00f3n voluntaria.<\/p>\n\n\n\n<h3 class=\"wp-block-heading has-text-align-center\">Donaciones por transferencia bancaria<\/h3>\n\n\n\n<p class=\"has-text-align-center\">Puedes realizar tu aportaci\u00f3n a trav\u00e9s de transferencia bancaria con los siguientes datos:<br>Transferencia bancar\u00eda:<\/p>\n\n\n\n<p class=\"has-text-align-center has-medium-font-size\"><strong>BANCO:<\/strong> FINOM<br><strong>IBAN:<\/strong> ES6667268300190259239768<br><strong>BIC:<\/strong> FNOMESM2<\/p>\n\n\n\n<p class=\"has-text-align-center\"><strong>TITULAR<\/strong><br>Asociaci\u00f3n Cultural, Art\u00edstica, Rural y Gastron\u00f3mica Mar\u00eda Oliva Esquivel&nbsp;<br><br><strong>CONCEPTO<\/strong><br>DONATIVO<\/p>\n\n\n\n<p><\/p>\n\n\n\n<h3 class=\"wp-block-heading\">Justificante de donaci\u00f3n<\/h3>\n\n\n\n<p>Si necesitas un justificante de tu donaci\u00f3n, puedes solicitarlo escribi\u00e9ndonos a:<\/p>\n\n\n\n<p><strong><em>info@acargmoe.visioncadiz.com <\/em><\/strong><\/p>\n\n\n\n<p>Incluye en tu mensaje:<\/p>\n\n\n\n<ul class=\"wp-block-list\">\n<li>Nombre completo<\/li>\n\n\n\n<li>DNI\/NIF<\/li>\n\n\n\n<li>Fecha de la donaci\u00f3n<\/li>\n\n\n\n<li>Importe<\/li>\n<\/ul>\n\n\n\n<p>Te enviaremos un certificado acreditativo de la donaci\u00f3n.<\/p>\n\n\n\n<hr class=\"wp-block-separator has-alpha-channel-opacity\"\/>\n\n\n\n<h3 class=\"wp-block-heading\">Informaci\u00f3n importante<\/h3>\n\n\n\n<p>Las donaciones realizadas son de car\u00e1cter voluntario y <strong>no tienen contraprestaci\u00f3n<\/strong>.<\/p>\n\n\n\n<p>Actualmente, nuestra asociaci\u00f3n <strong>no est\u00e1 acogida al r\u00e9gimen de entidades con beneficios fiscales<\/strong>, por lo que estas donaciones <strong>no desgravan en el IRPF<\/strong>.<\/p>\n\n\n\n<hr class=\"wp-block-separator has-alpha-channel-opacity\"\/>\n\n\n\n<h3 class=\"wp-block-heading\">Gracias por tu apoyo<\/h3>\n\n\n\n<p>Tu colaboraci\u00f3n nos ayuda a seguir promoviendo la cultura, el arte, el entorno rural y la gastronom\u00eda.<\/p>\n\n\n\n<p><strong><em>\u00a1Gracias por formar parte de nuestro proyecto!<\/em><\/strong><br><br><\/p>\n\n\n\n<div style=\"height:34px\" aria-hidden=\"true\" class=\"wp-block-spacer\"><\/div>\n<\/div>\n\n\n\n<div class=\"wp-block-column is-layout-flow wp-block-column-is-layout-flow\" style=\"flex-basis:15%\"><\/div>\n<\/div>\n\n\n\n<div class=\"wp-block-columns is-layout-flex wp-container-core-columns-is-layout-9d6595d7 wp-block-columns-is-layout-flex\">\n<div class=\"wp-block-column is-layout-flow wp-block-column-is-layout-flow\" style=\"flex-basis:25%\"><\/div>\n\n\n\n<div class=\"wp-block-column is-layout-flow wp-block-column-is-layout-flow\" style=\"flex-basis:25%\">\n<div style=\"height:157px\" aria-hidden=\"true\" class=\"wp-block-spacer\"><\/div>\n<\/div>\n<\/div>\n\n\n\n<div class=\"wp-block-columns is-layout-flex wp-container-core-columns-is-layout-9d6595d7 wp-block-columns-is-layout-flex\">\n<div class=\"wp-block-column is-layout-flow wp-block-column-is-layout-flow\" style=\"flex-basis:25%\"><\/div>\n\n\n\n<div class=\"wp-block-column is-layout-flow wp-block-column-is-layout-flow\" style=\"flex-basis:50%\"><\/div>\n\n\n\n<div class=\"wp-block-column is-layout-flow wp-block-column-is-layout-flow\" style=\"flex-basis:25%\"><\/div>\n<\/div>\n\n\n\n<div style=\"height:100px\" aria-hidden=\"true\" class=\"wp-block-spacer\"><\/div>\n","protected":false},"excerpt":{"rendered":"<p>C\u00f3mo realiazar donaciones a nuestra asociaci\u00f3n Si deseas apoyar la labor de la Asociaci\u00f3n Cultural, Art\u00edstica, Rural y Gastron\u00f3mica Mar\u00eda Oliva Esquivel,puedes hacerlo mediante una donaci\u00f3n voluntaria. Donaciones por transferencia bancaria Puedes realizar tu aportaci\u00f3n a trav\u00e9s de transferencia bancaria con los siguientes datos:Transferencia bancar\u00eda: BANCO: FINOMIBAN: ES6667268300190259239768BIC: FNOMESM2 TITULARAsociaci\u00f3n Cultural, Art\u00edstica, Rural y Gastron\u00f3mica [&hellip;]<\/p>\n","protected":false},"author":1,"featured_media":0,"parent":0,"menu_order":0,"comment_status":"closed","ping_status":"closed","template":"","meta":{"_et_pb_use_builder":"off","_et_pb_old_content":"","_et_gb_content_width":"1080","footnotes":""},"class_list":["post-541","page","type-page","status-publish","hentry"],"_links":{"self":[{"href":"https:\/\/acargmoe.visioncadiz.com\/index.php?rest_route=\/wp\/v2\/pages\/541","targetHints":{"allow":["GET"]}}],"collection":[{"href":"https:\/\/acargmoe.visioncadiz.com\/index.php?rest_route=\/wp\/v2\/pages"}],"about":[{"href":"https:\/\/acargmoe.visioncadiz.com\/index.php?rest_route=\/wp\/v2\/types\/page"}],"author":[{"embeddable":true,"href":"https:\/\/acargmoe.visioncadiz.com\/index.php?rest_route=\/wp\/v2\/users\/1"}],"replies":[{"embeddable":true,"href":"https:\/\/acargmoe.visioncadiz.com\/index.php?rest_route=%2Fwp%2Fv2%2Fcomments&post=541"}],"version-history":[{"count":26,"href":"https:\/\/acargmoe.visioncadiz.com\/index.php?rest_route=\/wp\/v2\/pages\/541\/revisions"}],"predecessor-version":[{"id":624,"href":"https:\/\/acargmoe.visioncadiz.com\/index.php?rest_route=\/wp\/v2\/pages\/541\/revisions\/624"}],"wp:attachment":[{"href":"https:\/\/acargmoe.visioncadiz.com\/index.php?rest_route=%2Fwp%2Fv2%2Fmedia&parent=541"}],"curies":[{"name":"wp","href":"https:\/\/api.w.org\/{rel}","templated":true}]}}