{"id":237,"date":"2025-03-04T11:40:18","date_gmt":"2025-03-04T11:40:18","guid":{"rendered":"https:\/\/acargmoe.visioncadiz.com\/?page_id=237"},"modified":"2026-04-10T15:42:10","modified_gmt":"2026-04-10T15:42:10","slug":"presentacion","status":"publish","type":"page","link":"https:\/\/acargmoe.visioncadiz.com\/?page_id=237","title":{"rendered":"Presentaci\u00f3n"},"content":{"rendered":"<p>[et_pb_section fb_built=\u00bb1&#8243; admin_label=\u00bbHeader\u00bb _builder_version=\u00bb4.16&#8243; _module_preset=\u00bbdefault\u00bb background_color=\u00bb#f5f3ee\u00bb global_colors_info=\u00bb{}\u00bb][et_pb_row column_structure=\u00bb1_2,1_2&#8243; _builder_version=\u00bb4.16&#8243; _module_preset=\u00bbdefault\u00bb global_colors_info=\u00bb{}\u00bb][et_pb_column type=\u00bb1_2&#8243; _builder_version=\u00bb4.16&#8243; _module_preset=\u00bbdefault\u00bb global_colors_info=\u00bb{}\u00bb][et_pb_text _builder_version=\u00bb4.22.1&#8243; _module_preset=\u00bb534cc526-6274-4e31-9e1a-7f18a5947bf1&#8243; header_4_font=\u00bbDM Sans|700||on|||||\u00bb header_4_text_color=\u00bb#EF8451&#8243; header_4_font_size=\u00bb14px\u00bb header_4_letter_spacing=\u00bb1px\u00bb header_4_line_height=\u00bb1.5em\u00bb custom_margin=\u00bb||0px||false|false\u00bb header_4_font_size_tablet=\u00bb14px\u00bb header_4_font_size_phone=\u00bb\u00bb header_4_font_size_last_edited=\u00bbon|tablet\u00bb locked=\u00bboff\u00bb global_colors_info=\u00bb{}\u00bb]<\/p>\n<h4>La asociaci\u00f3n<\/h4>\n<p>[\/et_pb_text][et_pb_text _builder_version=\u00bb4.16&#8243; _module_preset=\u00bbdf96b77a-cd4f-44a8-a771-2d6347592b53&#8243; header_2_font=\u00bbDM Sans||||||||\u00bb header_2_text_color=\u00bb#093532&#8243; header_2_font_size=\u00bb50px\u00bb header_2_letter_spacing=\u00bb-0.02em\u00bb header_2_line_height=\u00bb1.15em\u00bb header_2_font_size_tablet=\u00bb32px\u00bb header_2_font_size_phone=\u00bb20px\u00bb header_2_font_size_last_edited=\u00bbon|desktop\u00bb locked=\u00bboff\u00bb global_colors_info=\u00bb{}\u00bb]<\/p>\n<h2>Presentaci\u00f3n<\/h2>\n<p>[\/et_pb_text][et_pb_text _builder_version=\u00bb4.22.1&#8243; _module_preset=\u00bb5ff55506-da7d-4dd7-b409-9d62c7203201&#8243; text_font=\u00bbDM Sans||||||||\u00bb text_text_color=\u00bb#0F393B\u00bb text_font_size=\u00bb16px\u00bb text_line_height=\u00bb1.8em\u00bb text_font_size_tablet=\u00bb15px\u00bb text_font_size_phone=\u00bb14px\u00bb text_font_size_last_edited=\u00bbon|phone\u00bb header_font_size_tablet=\u00bb55px\u00bb header_font_size_last_edited=\u00bboff|desktop\u00bb locked=\u00bboff\u00bb global_colors_info=\u00bb{}\u00bb]<\/p>\n<p>La Asociaci\u00f3n Cultural, Art\u00edstica, Rural y Gastron\u00f3mica Maria Oliva Esquivel es un faro de esperanza y creatividad en nuestra comunidad. Al promover la cultura local y fomentar el arte, no solo preservamos nuestra identidad, sino que tambi\u00e9n impulsamos el desarrollo econ\u00f3mico y tur\u00edstico de la regi\u00f3n. Las actividades que realizan, desde talleres hasta experiencias culinarias, son un puente entre la tradici\u00f3n y la innovaci\u00f3n. \u00a1\u00danete a esta noble causa y s\u00e9 parte del cambio! Hazte socio.<\/p>\n<p>[\/et_pb_text][et_pb_blurb title=\u00bbCULTURA\u00bb use_icon=\u00bbon\u00bb font_icon=\u00bb&#x4e;||divi||400&#8243; icon_color=\u00bb#ef8451&#8243; icon_placement=\u00bbleft\u00bb content_max_width=\u00bb100%\u00bb _builder_version=\u00bb4.22.1&#8243; _module_preset=\u00bba947262d-0701-4077-825d-1385639c524f\u00bb header_font=\u00bbDM Sans|700||on|||||\u00bb header_text_color=\u00bb#093532&#8243; header_font_size=\u00bb16px\u00bb body_font=\u00bbDM Sans||||||||\u00bb body_text_color=\u00bb#6b8483&#8243; body_font_size=\u00bb16px\u00bb body_line_height=\u00bb1.6em\u00bb animation=\u00bboff\u00bb header_font_size_tablet=\u00bb\u00bb header_font_size_phone=\u00bb14px\u00bb header_font_size_last_edited=\u00bbon|phone\u00bb locked=\u00bboff\u00bb global_colors_info=\u00bb{}\u00bb][\/et_pb_blurb][et_pb_blurb title=\u00bbARTE\u00bb use_icon=\u00bbon\u00bb font_icon=\u00bb&#x4e;||divi||400&#8243; icon_color=\u00bb#ef8451&#8243; icon_placement=\u00bbleft\u00bb content_max_width=\u00bb100%\u00bb _builder_version=\u00bb4.22.1&#8243; _module_preset=\u00bba947262d-0701-4077-825d-1385639c524f\u00bb header_font=\u00bbDM Sans|700||on|||||\u00bb header_text_color=\u00bb#093532&#8243; header_font_size=\u00bb16px\u00bb body_font=\u00bbDM Sans||||||||\u00bb body_text_color=\u00bb#6b8483&#8243; body_font_size=\u00bb16px\u00bb body_line_height=\u00bb1.6em\u00bb animation=\u00bboff\u00bb header_font_size_tablet=\u00bb\u00bb header_font_size_phone=\u00bb14px\u00bb header_font_size_last_edited=\u00bbon|phone\u00bb locked=\u00bboff\u00bb global_colors_info=\u00bb{}\u00bb][\/et_pb_blurb][et_pb_blurb title=\u00bbRURAL\u00bb use_icon=\u00bbon\u00bb font_icon=\u00bb&#x4e;||divi||400&#8243; icon_color=\u00bb#ef8451&#8243; icon_placement=\u00bbleft\u00bb content_max_width=\u00bb100%\u00bb _builder_version=\u00bb4.22.1&#8243; _module_preset=\u00bba947262d-0701-4077-825d-1385639c524f\u00bb header_font=\u00bbDM Sans|700||on|||||\u00bb header_text_color=\u00bb#093532&#8243; header_font_size=\u00bb16px\u00bb body_font=\u00bbDM Sans||||||||\u00bb body_text_color=\u00bb#6b8483&#8243; body_font_size=\u00bb16px\u00bb body_line_height=\u00bb1.6em\u00bb animation=\u00bboff\u00bb header_font_size_tablet=\u00bb\u00bb header_font_size_phone=\u00bb14px\u00bb header_font_size_last_edited=\u00bbon|phone\u00bb locked=\u00bboff\u00bb global_colors_info=\u00bb{}\u00bb][\/et_pb_blurb][et_pb_blurb title=\u00bbGASTRONOMIA\u00bb use_icon=\u00bbon\u00bb font_icon=\u00bb&#x4e;||divi||400&#8243; icon_color=\u00bb#ef8451&#8243; icon_placement=\u00bbleft\u00bb content_max_width=\u00bb100%\u00bb _builder_version=\u00bb4.22.1&#8243; _module_preset=\u00bba947262d-0701-4077-825d-1385639c524f\u00bb header_font=\u00bbDM Sans|700||on|||||\u00bb header_text_color=\u00bb#093532&#8243; header_font_size=\u00bb16px\u00bb body_font=\u00bbDM Sans||||||||\u00bb body_text_color=\u00bb#6b8483&#8243; body_font_size=\u00bb16px\u00bb body_line_height=\u00bb1.6em\u00bb animation=\u00bboff\u00bb header_font_size_tablet=\u00bb\u00bb header_font_size_phone=\u00bb14px\u00bb header_font_size_last_edited=\u00bbon|phone\u00bb locked=\u00bboff\u00bb global_colors_info=\u00bb{}\u00bb][\/et_pb_blurb][\/et_pb_column][et_pb_column type=\u00bb1_2&#8243; _builder_version=\u00bb4.16&#8243; _module_preset=\u00bbdefault\u00bb global_colors_info=\u00bb{}\u00bb][et_pb_image src=\u00bbhttps:\/\/acargmoe.visioncadiz.com\/wp-content\/uploads\/2025\/03\/ngo-illustration-Artboard-10.png\u00bb title_text=\u00bbngo-illustration-Artboard 10&#8243; _builder_version=\u00bb4.16&#8243; _module_preset=\u00bbdefault\u00bb locked=\u00bboff\u00bb global_colors_info=\u00bb{}\u00bb][\/et_pb_image][\/et_pb_column][\/et_pb_row][\/et_pb_section][et_pb_section fb_built=\u00bb1&#8243; admin_label=\u00bbMission\u00bb _builder_version=\u00bb4.16&#8243; _module_preset=\u00bbdefault\u00bb background_color=\u00bb#f5f3ee\u00bb global_colors_info=\u00bb{}\u00bb][et_pb_row column_structure=\u00bb1_2,1_2&#8243; custom_padding_last_edited=\u00bbon|tablet\u00bb _builder_version=\u00bb4.16&#8243; _module_preset=\u00bbdefault\u00bb background_color=\u00bb#2a6355&#8243; overflow-x=\u00bbvisible\u00bb overflow-y=\u00bbvisible\u00bb custom_padding=\u00bb40px|40px|40px|40px|true|true\u00bb custom_padding_tablet=\u00bb|30px||30px|true|true\u00bb custom_padding_phone=\u00bb|20px||20px|false|true\u00bb border_radii=\u00bbon|20px|20px|20px|20px\u00bb global_colors_info=\u00bb{}\u00bb][et_pb_column type=\u00bb1_2&#8243; _builder_version=\u00bb4.16&#8243; _module_preset=\u00bbdefault\u00bb global_colors_info=\u00bb{}\u00bb][et_pb_blurb title=\u00bbNuestra misi\u00f3n\u00bb image=\u00bbhttps:\/\/acargmoe.visioncadiz.com\/wp-content\/uploads\/2025\/03\/ngo-icon-09.png\u00bb icon_alignment=\u00bbleft\u00bb content_max_width=\u00bb100%\u00bb _builder_version=\u00bb4.22.1&#8243; _module_preset=\u00bb58e41a12-d2dc-4bc3-82a3-e7e2a77a32bd\u00bb header_font=\u00bbDM Sans|700|||||||\u00bb header_text_color=\u00bb#FFFFFF\u00bb header_font_size=\u00bb20px\u00bb header_line_height=\u00bb1.2em\u00bb body_font=\u00bbDM Sans||||||||\u00bb body_text_color=\u00bb#F2EBE4&#8243; body_font_size=\u00bb16px\u00bb custom_margin=\u00bb||||false|false\u00bb custom_padding=\u00bb||0px||false|false\u00bb animation=\u00bboff\u00bb header_font_size_tablet=\u00bb18px\u00bb header_font_size_phone=\u00bb16px\u00bb header_font_size_last_edited=\u00bbon|desktop\u00bb body_font_size_tablet=\u00bb15px\u00bb body_font_size_phone=\u00bb13px\u00bb body_font_size_last_edited=\u00bbon|phone\u00bb border_width_bottom=\u00bb0px\u00bb border_color_bottom=\u00bbrgba(0,0,0,0.12)\u00bb global_colors_info=\u00bb{}\u00bb]<\/p>\n<p>Fomentar el desarrollo cultural, art\u00edstico y gastron\u00f3mico en \u00e1reas rurales, preservando tradiciones, apoyando a la comunidad local y ofreciendo servicios creativos que modernicen la identidad rural.<\/p>\n<p>&nbsp;<\/p>\n<ul>\n<li>Promoci\u00f3n y preservaci\u00f3n de la cultura local.<\/li>\n<li>Desarrollo econ\u00f3mico y tur\u00edstico.<\/li>\n<li>Fomento del arte y la creatividad.<\/li>\n<li>Educaci\u00f3n y sensibilizaci\u00f3n.<\/li>\n<li>Desarrollo social y comunitario.<\/li>\n<li>Innovaci\u00f3n y creatividad aplicada a lo cultural, lo art\u00edstico, lo rural y la gastronom\u00eda.<\/li>\n<li>Gastronom\u00eda, sostenibilidad y econom\u00eda circular.<\/li>\n<li>Innovaci\u00f3n en servicios creativos.<\/li>\n<\/ul>\n<p>[\/et_pb_blurb][\/et_pb_column][et_pb_column type=\u00bb1_2&#8243; _builder_version=\u00bb4.16&#8243; _module_preset=\u00bbdefault\u00bb global_colors_info=\u00bb{}\u00bb][et_pb_blurb title=\u00bbAlgunas de nuestras actividades\u00bb image=\u00bbhttps:\/\/acargmoe.visioncadiz.com\/wp-content\/uploads\/2025\/03\/ngo-icon-02.png\u00bb icon_alignment=\u00bbleft\u00bb content_max_width=\u00bb100%\u00bb _builder_version=\u00bb4.22.1&#8243; _module_preset=\u00bb58e41a12-d2dc-4bc3-82a3-e7e2a77a32bd\u00bb header_font=\u00bbDM Sans|700|||||||\u00bb header_text_color=\u00bb#FFFFFF\u00bb header_font_size=\u00bb20px\u00bb header_line_height=\u00bb1.2em\u00bb body_font=\u00bbDM Sans||||||||\u00bb body_text_color=\u00bb#F2EBE4&#8243; body_font_size=\u00bb16px\u00bb custom_margin=\u00bb||||false|false\u00bb custom_padding=\u00bb||0px||false|false\u00bb animation=\u00bboff\u00bb header_font_size_tablet=\u00bb18px\u00bb header_font_size_phone=\u00bb16px\u00bb header_font_size_last_edited=\u00bbon|desktop\u00bb body_font_size_tablet=\u00bb15px\u00bb body_font_size_phone=\u00bb13px\u00bb body_font_size_last_edited=\u00bbon|phone\u00bb border_width_bottom=\u00bb0px\u00bb border_color_bottom=\u00bbrgba(0,0,0,0.12)\u00bb locked=\u00bboff\u00bb global_colors_info=\u00bb{}\u00bb]<\/p>\n<p>Las actividades de la asociaci\u00f3n tienen un <strong data-start=\"43\" data-end=\"63\">enfoque integral<\/strong>, combinando <strong data-start=\"76\" data-end=\"119\">cultura, arte, gastronom\u00eda y tecnolog\u00eda<\/strong> con un fuerte compromiso con el <strong data-start=\"152\" data-end=\"207\">desarrollo rural, la sostenibilidad y la innovaci\u00f3n<\/strong>.\u00a0<\/p>\n<p>&nbsp;<\/p>\n<ul>\n<li>Gastronom\u00eda, experiencias culinarias rurales.<\/li>\n<li>Eventos culturales y art\u00edsticos.<\/li>\n<li>Actividades tur\u00edsticas rurales.<\/li>\n<li>Talleres, exposiciones.<\/li>\n<li>Proyectos creativos digitales enfocados en la cultura, lo art\u00edstico, lo rural y la gastronom\u00eda.<\/li>\n<li>Iniciativas comunitarias rurales y sostenibles.<\/li>\n<li>Recaudamos fondos a trav\u00e9s de nuestras actividades para donarlos a ONG\u2019s que apoyan causas sociales, culturales y humanitarias.<\/li>\n<\/ul>\n<p>[\/et_pb_blurb][et_pb_image src=\u00bbhttps:\/\/acargmoe.visioncadiz.com\/wp-content\/uploads\/2025\/03\/NGO-img-02.png\u00bb title_text=\u00bbNGO-img-02&#8243; _builder_version=\u00bb4.16&#8243; _module_preset=\u00bbdefault\u00bb positioning=\u00bbabsolute\u00bb position_origin_a=\u00bbtop_right\u00bb position_origin_a_last_edited=\u00bboff|desktop\u00bb position_origin_f_last_edited=\u00bboff|desktop\u00bb position_origin_r_last_edited=\u00bboff|desktop\u00bb width=\u00bb60%\u00bb width_last_edited=\u00bboff|tablet\u00bb custom_margin=\u00bb-20%|-40%|||false|false\u00bb custom_margin_tablet=\u00bb94px||-135px||false|false\u00bb custom_margin_phone=\u00bb115px||-110px||false|false\u00bb custom_margin_last_edited=\u00bboff|desktop\u00bb positioning_tablet=\u00bbnone\u00bb positioning_last_edited=\u00bboff|desktop\u00bb global_colors_info=\u00bb{}\u00bb][\/et_pb_image][\/et_pb_column][\/et_pb_row][et_pb_row _builder_version=\u00bb4.16&#8243; _module_preset=\u00bbdefault\u00bb global_colors_info=\u00bb{}\u00bb][et_pb_column type=\u00bb4_4&#8243; _builder_version=\u00bb4.16&#8243; _module_preset=\u00bbdefault\u00bb global_colors_info=\u00bb{}\u00bb][et_pb_video image_src=\u00bbhttps:\/\/acargmoe.visioncadiz.com\/wp-content\/uploads\/2025\/03\/ngo-illustration-Artboard-8.png\u00bb _builder_version=\u00bb4.22.1&#8243; _module_preset=\u00bbdefault\u00bb hover_enabled=\u00bb0&#8243; border_radii=\u00bbon|20px|20px|20px|20px\u00bb global_colors_info=\u00bb{}\u00bb src__hover_enabled=\u00bbon|desktop\u00bb src=\u00bbhttps:\/\/youtu.be\/YPsz5FToloM\u00bb title_text=\u00bbngo-illustration-Artboard-8&#8243; play_icon_color=\u00bb#EDF000&#8243; use_icon_font_size=\u00bbon\u00bb icon_font_size=\u00bb120px\u00bb sticky_enabled=\u00bb0&#8243; src__hover=\u00bbhttps:\/\/youtu.be\/YPsz5FToloM\u00bb][\/et_pb_video][\/et_pb_column][\/et_pb_row][et_pb_row _builder_version=\u00bb4.22.1&#8243; _module_preset=\u00bbdefault\u00bb][et_pb_column _builder_version=\u00bb4.22.1&#8243; _module_preset=\u00bbdefault\u00bb type=\u00bb4_4&#8243;][et_pb_image src=\u00bbhttps:\/\/acargmoe.visioncadiz.com\/wp-content\/uploads\/2026\/04\/pdf.png\u00bb _builder_version=\u00bb4.22.1&#8243; _module_preset=\u00bbdefault\u00bb title_text=\u00bbpdf\u00bb align=\u00bbcenter\u00bb height=\u00bb100px\u00bb max_height=\u00bb100px\u00bb url=\u00bbhttps:\/\/acargmoe.visioncadiz.com\/wp-content\/uploads\/2026\/04\/Objetivos-de-Desarrollo-cultural-artistico-y-gastronomico-1.pdf\u00bb hover_enabled=\u00bb0&#8243; sticky_enabled=\u00bb0&#8243; url_new_window=\u00bbon\u00bb][\/et_pb_image][\/et_pb_column][\/et_pb_row][\/et_pb_section][et_pb_section fb_built=\u00bb1&#8243; admin_label=\u00bbFooter\u00bb _builder_version=\u00bb4.16&#8243; _module_preset=\u00bbdefault\u00bb background_color=\u00bb#0f393b\u00bb custom_padding=\u00bb5vw||5vw||true|false\u00bb border_radii=\u00bboff|20px|20px||\u00bb saved_tabs=\u00bball\u00bb locked=\u00bboff\u00bb global_colors_info=\u00bb{}\u00bb][et_pb_row _builder_version=\u00bb4.16&#8243; _module_preset=\u00bbdefault\u00bb global_colors_info=\u00bb{}\u00bb][et_pb_column type=\u00bb4_4&#8243; _builder_version=\u00bb4.16&#8243; _module_preset=\u00bbdefault\u00bb global_colors_info=\u00bb{}\u00bb][et_pb_text _builder_version=\u00bb4.22.1&#8243; _module_preset=\u00bbdf96b77a-cd4f-44a8-a771-2d6347592b53&#8243; header_2_font=\u00bbDM Sans||||||||\u00bb header_2_text_align=\u00bbcenter\u00bb header_2_text_color=\u00bb#FFFFFF\u00bb header_2_font_size=\u00bb50px\u00bb header_2_letter_spacing=\u00bb-0.02em\u00bb header_2_line_height=\u00bb1.15em\u00bb max_width=\u00bb960px\u00bb module_alignment=\u00bbcenter\u00bb header_2_text_align_tablet=\u00bbleft\u00bb header_2_text_align_phone=\u00bb\u00bb header_2_text_align_last_edited=\u00bbon|phone\u00bb header_2_font_size_tablet=\u00bb32px\u00bb header_2_font_size_phone=\u00bb20px\u00bb header_2_font_size_last_edited=\u00bbon|desktop\u00bb locked=\u00bboff\u00bb global_colors_info=\u00bb{}\u00bb]<\/p>\n<h2><span>\u00danase a nuestra misi\u00f3n. Sea voluntario, done, apoye. Comience hoy mismo.<\/span><\/h2>\n<p>[\/et_pb_text][\/et_pb_column][\/et_pb_row][et_pb_row column_structure=\u00bb1_2,1_2&#8243; _builder_version=\u00bb4.16&#8243; _module_preset=\u00bbdefault\u00bb custom_padding=\u00bb0px||||false|false\u00bb global_colors_info=\u00bb{}\u00bb][et_pb_column type=\u00bb1_2&#8243; _builder_version=\u00bb4.16&#8243; _module_preset=\u00bbdefault\u00bb global_colors_info=\u00bb{}\u00bb][et_pb_text _builder_version=\u00bb4.22.1&#8243; _module_preset=\u00bbdefault\u00bb text_font=\u00bbDM Sans||||||||\u00bb text_text_color=\u00bb#FFFFFF\u00bb text_font_size=\u00bb22px\u00bb link_text_color=\u00bb#FFFFFF\u00bb text_orientation=\u00bbright\u00bb text_font_size_tablet=\u00bb18px\u00bb text_font_size_phone=\u00bb14px\u00bb text_font_size_last_edited=\u00bbon|tablet\u00bb text_orientation_tablet=\u00bbleft\u00bb text_orientation_phone=\u00bb\u00bb text_orientation_last_edited=\u00bbon|tablet\u00bb global_colors_info=\u00bb{}\u00bb link_text_color__hover_enabled=\u00bbon|hover\u00bb link_text_color__hover=\u00bb#FFFFFF\u00bb]<\/p>\n<p><span>Email:\u00a0<\/span><a href=\"mailto:hello@divingo.com\">info@acargmoe.visioncadiz.com<\/a><\/p>\n<p>[\/et_pb_text][\/et_pb_column][et_pb_column type=\u00bb1_2&#8243; _builder_version=\u00bb4.16&#8243; _module_preset=\u00bbdefault\u00bb global_colors_info=\u00bb{}\u00bb][et_pb_text _builder_version=\u00bb4.22.1&#8243; _module_preset=\u00bbdefault\u00bb text_font=\u00bbDM Sans||||||||\u00bb text_text_color=\u00bb#FFFFFF\u00bb text_font_size=\u00bb22px\u00bb link_text_color=\u00bb#FFFFFF\u00bb text_font_size_tablet=\u00bb18px\u00bb text_font_size_phone=\u00bb14px\u00bb text_font_size_last_edited=\u00bbon|tablet\u00bb locked=\u00bboff\u00bb global_colors_info=\u00bb{}\u00bb link_text_color__hover_enabled=\u00bbon|hover\u00bb link_text_color__hover=\u00bb#FFFFFF\u00bb]<\/p>\n<p><span>Tel\u00e9fono: (0034) 856 63 40 43<\/span><\/p>\n<p>[\/et_pb_text][\/et_pb_column][\/et_pb_row][et_pb_row _builder_version=\u00bb4.16&#8243; _module_preset=\u00bbdefault\u00bb global_colors_info=\u00bb{}\u00bb][et_pb_column type=\u00bb4_4&#8243; _builder_version=\u00bb4.16&#8243; _module_preset=\u00bbdefault\u00bb global_colors_info=\u00bb{}\u00bb][et_pb_button button_text=\u00bbINFORMACI\u00d3N\u00bb button_alignment=\u00bbcenter\u00bb button_alignment_tablet=\u00bbleft\u00bb button_alignment_phone=\u00bb\u00bb button_alignment_last_edited=\u00bbon|desktop\u00bb _builder_version=\u00bb4.22.1&#8243; _module_preset=\u00bb94ef7aca-dcd9-4f9d-93b2-efa3466cebc7&#8243; custom_button=\u00bbon\u00bb button_text_size=\u00bb14px\u00bb button_text_color=\u00bb#FFFFFF\u00bb button_bg_color=\u00bb#ef8451&#8243; button_border_width=\u00bb0px\u00bb button_border_radius=\u00bb37px\u00bb button_font=\u00bbDM Sans|700||on|||||\u00bb custom_padding=\u00bb15px|22px|12px|22px|false|true\u00bb locked=\u00bboff\u00bb global_colors_info=\u00bb{}\u00bb][\/et_pb_button][\/et_pb_column][\/et_pb_row][\/et_pb_section]<\/p>\n","protected":false},"excerpt":{"rendered":"<p>La asociaci\u00f3nPresentaci\u00f3nLa Asociaci\u00f3n Cultural, Art\u00edstica, Rural y Gastron\u00f3mica Maria Oliva Esquivel es un faro de esperanza y creatividad en nuestra comunidad. Al promover la cultura local y fomentar el arte, no solo preservamos nuestra identidad, sino que tambi\u00e9n impulsamos el desarrollo econ\u00f3mico y tur\u00edstico de la regi\u00f3n. Las actividades que realizan, desde talleres hasta experiencias [&hellip;]<\/p>\n","protected":false},"author":1,"featured_media":0,"parent":0,"menu_order":0,"comment_status":"closed","ping_status":"closed","template":"","meta":{"_et_pb_use_builder":"on","_et_pb_old_content":"","_et_gb_content_width":"","footnotes":""},"class_list":["post-237","page","type-page","status-publish","hentry"],"_links":{"self":[{"href":"https:\/\/acargmoe.visioncadiz.com\/index.php?rest_route=\/wp\/v2\/pages\/237","targetHints":{"allow":["GET"]}}],"collection":[{"href":"https:\/\/acargmoe.visioncadiz.com\/index.php?rest_route=\/wp\/v2\/pages"}],"about":[{"href":"https:\/\/acargmoe.visioncadiz.com\/index.php?rest_route=\/wp\/v2\/types\/page"}],"author":[{"embeddable":true,"href":"https:\/\/acargmoe.visioncadiz.com\/index.php?rest_route=\/wp\/v2\/users\/1"}],"replies":[{"embeddable":true,"href":"https:\/\/acargmoe.visioncadiz.com\/index.php?rest_route=%2Fwp%2Fv2%2Fcomments&post=237"}],"version-history":[{"count":17,"href":"https:\/\/acargmoe.visioncadiz.com\/index.php?rest_route=\/wp\/v2\/pages\/237\/revisions"}],"predecessor-version":[{"id":656,"href":"https:\/\/acargmoe.visioncadiz.com\/index.php?rest_route=\/wp\/v2\/pages\/237\/revisions\/656"}],"wp:attachment":[{"href":"https:\/\/acargmoe.visioncadiz.com\/index.php?rest_route=%2Fwp%2Fv2%2Fmedia&parent=237"}],"curies":[{"name":"wp","href":"https:\/\/api.w.org\/{rel}","templated":true}]}}